{"id":1767,"date":"2025-05-12T17:28:29","date_gmt":"2025-05-12T17:28:29","guid":{"rendered":"https:\/\/alamosdelparquehotel.com\/?page_id=1767"},"modified":"2025-05-12T17:28:33","modified_gmt":"2025-05-12T17:28:33","slug":"terminos-condiciones","status":"publish","type":"page","link":"https:\/\/alamosdelparquehotel.com\/en\/terminos-condiciones\/","title":{"rendered":"Terms &amp; Conditions"},"content":{"rendered":"<p><strong>ESTIMADO HU\u00c9SPED.<\/strong><\/p>\n\n\n\n<p>Le invitamos a leer cuidadosamente cada una de las siguientes <strong><u>recomendaciones y normativas<\/u><\/strong> de nuestro Hotel:<\/p>\n\n\n\n<ul class=\"wp-block-list\">\n<li><strong>CHECK-IN:<\/strong> 3.00 p.m.\u00a0\u00a0\u00a0\u00a0\u00a0\u00a0\u00a0\u00a0\u00a0\u00a0\u00a0\u00a0\u00a0\u00a0\u00a0\u00a0\u00a0\u00a0<\/li>\n\n\n\n<li><strong>CHECK-OUT:<\/strong> 1:00 p.m. (En caso de que no entregue la habitaci\u00f3n a tiempo. El Hotel proceder\u00e1 a aplicar un recargo de <strong>$30.000 por hora<\/strong> y a partir de las 3:00 p.m. se cobrar\u00e1 el valor de una noche completa)<\/li>\n<\/ul>\n\n\n\n<p><strong>VISITAS:<\/strong><\/p>\n\n\n\n<ul class=\"wp-block-list\">\n<li>Las habitaciones son exclusivas para el hu\u00e9sped registrado. Las visitas deben ser atendidas en las zonas comunes.<\/li>\n\n\n\n<li>En caso de que el visitante pase la noche en la habitaci\u00f3n deber\u00e1 cancelar con anticipaci\u00f3n el valor por persona adicional de <strong>$70.000 COP.<\/strong><\/li>\n\n\n\n<li>Los menores de edad deben estar registrados para ingresar a las habitaciones.<\/li>\n<\/ul>\n\n\n\n<p><strong>MULTAS:<\/strong><\/p>\n\n\n\n<ul class=\"wp-block-list\">\n<li><strong>Manchas o quemaduras en s\u00e1banas y toallas:<\/strong> Se cobrar\u00e1 un cargo adicional de <strong>$80,000 COP<\/strong> por cada prenda afectada. Los hu\u00e9spedes pueden solicitar un paquete de toallas faciales en la recepci\u00f3n sin costo, las cuales se pueden utilizar para el cuidado personal o para la limpieza del rostro. A partir del segundo paquete, se aplicar\u00e1 un cargo adicional.<\/li>\n\n\n\n<li><strong>Fumar dentro de las instalaciones est\u00e1 prohibido.<\/strong> El incumplimiento conlleva las sanciones estipuladas en la Ley 1335 de 2009 y una multa de <strong>$400.000 COP.<\/strong><\/li>\n\n\n\n<li><strong>P\u00e9rdida de la llave:<\/strong> En caso de extravi\u00f3, el costo de reposici\u00f3n es de <strong>$60.000 COP.<\/strong><\/li>\n<\/ul>\n\n\n\n<p><strong>REGLAMENTO GENERAL:<\/strong><\/p>\n\n\n\n<ul class=\"wp-block-list\">\n<li>El hotel se abstendr\u00e1 de dar alojamiento a menores de edad, sin el acompa\u00f1amiento de sus padres o representante autorizado.<\/li>\n\n\n\n<li>El Hotel \u00c1lamos del Parque se reserva el derecho de admisi\u00f3n.<\/li>\n\n\n\n<li><strong>No se realizan devoluciones de dinero<\/strong> una vez realizado el pago de la reserva.<\/li>\n\n\n\n<li>El ingreso de mascotas debe ser informado con anticipaci\u00f3n, y cualquier da\u00f1o causado ser\u00e1 responsabilidad del hu\u00e9sped.<\/li>\n<\/ul>\n\n\n\n<p><\/p>","protected":false},"excerpt":{"rendered":"<p>ESTIMADO HU\u00c9SPED. Le invitamos a leer cuidadosamente cada una de las siguientes recomendaciones y normativas de nuestro Hotel: VISITAS: MULTAS: REGLAMENTO GENERAL:<\/p>","protected":false},"author":1,"featured_media":0,"parent":0,"menu_order":0,"comment_status":"closed","ping_status":"closed","template":"","meta":{"_uag_custom_page_level_css":"","solace_meta_sidebar":"","solace_meta_container":"","solace_meta_enable_content_width":"","solace_meta_content_width":0,"solace_meta_title_alignment":"","solace_meta_author_avatar":"","solace_post_elements_order":"","solace_meta_disable_header":"","solace_meta_disable_footer":"","solace_meta_disable_title":"","footnotes":""},"class_list":["post-1767","page","type-page","status-publish","hentry"],"uagb_featured_image_src":{"full":false,"thumbnail":false,"medium":false,"medium_large":false,"large":false,"1536x1536":false,"2048x2048":false,"trp-custom-language-flag":false,"solace-single2":false,"solace-single-default":false,"solace-default-blog":false,"solace-related-posts":false,"solace-wc-shop-layout3-layout4-layout6":false,"solace-blog":false,"woocommerce_thumbnail":false,"woocommerce_single":false,"woocommerce_gallery_thumbnail":false},"uagb_author_info":{"display_name":"santirestrepo30.sr@gmail.com","author_link":"https:\/\/alamosdelparquehotel.com\/en\/author\/santirestrepo30-srgmail-com\/"},"uagb_comment_info":0,"uagb_excerpt":"ESTIMADO HU\u00c9SPED. Le invitamos a leer cuidadosamente cada una de las siguientes recomendaciones y normativas de nuestro Hotel: VISITAS: MULTAS: REGLAMENTO GENERAL:","_links":{"self":[{"href":"https:\/\/alamosdelparquehotel.com\/en\/wp-json\/wp\/v2\/pages\/1767","targetHints":{"allow":["GET"]}}],"collection":[{"href":"https:\/\/alamosdelparquehotel.com\/en\/wp-json\/wp\/v2\/pages"}],"about":[{"href":"https:\/\/alamosdelparquehotel.com\/en\/wp-json\/wp\/v2\/types\/page"}],"author":[{"embeddable":true,"href":"https:\/\/alamosdelparquehotel.com\/en\/wp-json\/wp\/v2\/users\/1"}],"replies":[{"embeddable":true,"href":"https:\/\/alamosdelparquehotel.com\/en\/wp-json\/wp\/v2\/comments?post=1767"}],"version-history":[{"count":1,"href":"https:\/\/alamosdelparquehotel.com\/en\/wp-json\/wp\/v2\/pages\/1767\/revisions"}],"predecessor-version":[{"id":1768,"href":"https:\/\/alamosdelparquehotel.com\/en\/wp-json\/wp\/v2\/pages\/1767\/revisions\/1768"}],"wp:attachment":[{"href":"https:\/\/alamosdelparquehotel.com\/en\/wp-json\/wp\/v2\/media?parent=1767"}],"curies":[{"name":"wp","href":"https:\/\/api.w.org\/{rel}","templated":true}]}}